{"id":172730,"date":"2023-09-07T08:26:56","date_gmt":"2023-09-07T08:26:56","guid":{"rendered":"https:\/\/magnusgifts.be\/product\/pasadena-women\/"},"modified":"2026-05-07T15:36:24","modified_gmt":"2026-05-07T15:36:24","slug":"pasadena-women","status":"publish","type":"product","link":"https:\/\/magnusgifts.be\/fr\/produit\/pasadena-women\/","title":{"rendered":"PASADENA WOMEN"},"content":{"rendered":"<p>SOL&rsquo;S PASADENA WOMEN, POLO FEMME, 100% coton peign\u00e9\u00a0Ringspun Maille piqu\u00e9e 200, Col et bas de manches en bord c\u00f4te, Bande de propret\u00e9 au col, Manches courtes, Col et bas de manches ray\u00e9s, contrast\u00e9s, Patte de boutonnage 3 boutons ton sur ton, Coupe cintr\u00e9e, Coup\u00e9 cousu, Fentes lat\u00e9rales, Bouton de rechange sur couture int\u00e9rieure c\u00f4t\u00e9, (1) Gris \/ Marine : 85 % coton \/ 15 % viscose, (2) Gris chin\u00e9 \/ Orange : 85 % coton au size chart dans la documentation produit.<\/p>\n","protected":false},"excerpt":{"rendered":"<p>PASADENA polo femme 200g<\/p>\n","protected":false},"featured_media":172731,"comment_status":"closed","ping_status":"closed","template":"","meta":{"_acf_changed":false,"inline_featured_image":false},"product_brand":[],"product_cat":[4574],"product_tag":[],"class_list":{"0":"post-172730","1":"product","2":"type-product","3":"status-publish","4":"has-post-thumbnail","6":"product_cat-polo-shirts-with-logo-fr","8":"first","9":"outofstock","10":"taxable","11":"shipping-taxable","12":"purchasable","13":"product-type-variable"},"acf":[],"_links":{"self":[{"href":"https:\/\/magnusgifts.be\/fr\/wp-json\/wp\/v2\/product\/172730","targetHints":{"allow":["GET"]}}],"collection":[{"href":"https:\/\/magnusgifts.be\/fr\/wp-json\/wp\/v2\/product"}],"about":[{"href":"https:\/\/magnusgifts.be\/fr\/wp-json\/wp\/v2\/types\/product"}],"replies":[{"embeddable":true,"href":"https:\/\/magnusgifts.be\/fr\/wp-json\/wp\/v2\/comments?post=172730"}],"wp:featuredmedia":[{"embeddable":true,"href":"https:\/\/magnusgifts.be\/fr\/wp-json\/wp\/v2\/media\/172731"}],"wp:attachment":[{"href":"https:\/\/magnusgifts.be\/fr\/wp-json\/wp\/v2\/media?parent=172730"}],"wp:term":[{"taxonomy":"product_brand","embeddable":true,"href":"https:\/\/magnusgifts.be\/fr\/wp-json\/wp\/v2\/product_brand?post=172730"},{"taxonomy":"product_cat","embeddable":true,"href":"https:\/\/magnusgifts.be\/fr\/wp-json\/wp\/v2\/product_cat?post=172730"},{"taxonomy":"product_tag","embeddable":true,"href":"https:\/\/magnusgifts.be\/fr\/wp-json\/wp\/v2\/product_tag?post=172730"}],"curies":[{"name":"wp","href":"https:\/\/api.w.org\/{rel}","templated":true}]}}