{"id":173253,"date":"2023-09-07T08:14:59","date_gmt":"2023-09-07T08:14:59","guid":{"rendered":"https:\/\/magnusgifts.be\/product\/olma\/"},"modified":"2026-05-01T15:15:09","modified_gmt":"2026-05-01T15:15:09","slug":"olma","status":"publish","type":"product","link":"https:\/\/magnusgifts.be\/fr\/produit\/olma\/","title":{"rendered":"OLMA"},"content":{"rendered":"<p>Bouteille en verre avec rev\u00eatement sp\u00e9cial pour la sublimation. Elle poss\u00e8de un couvercle en acier inoxydable et une sangle de suspension. Capacit\u00e9 : 500 ml.<\/p>\n","protected":false},"excerpt":{"rendered":"<p>Bouteille en verre 500ml<\/p>\n","protected":false},"featured_media":173254,"comment_status":"closed","ping_status":"closed","template":"","meta":{"_acf_changed":false,"inline_featured_image":false},"product_brand":[],"product_cat":[4583],"product_tag":[],"class_list":{"0":"post-173253","1":"product","2":"type-product","3":"status-publish","4":"has-post-thumbnail","6":"product_cat-water-bottles-with-logo-fr","8":"first","9":"instock","10":"taxable","11":"shipping-taxable","12":"purchasable","13":"product-type-simple"},"acf":[],"_links":{"self":[{"href":"https:\/\/magnusgifts.be\/fr\/wp-json\/wp\/v2\/product\/173253","targetHints":{"allow":["GET"]}}],"collection":[{"href":"https:\/\/magnusgifts.be\/fr\/wp-json\/wp\/v2\/product"}],"about":[{"href":"https:\/\/magnusgifts.be\/fr\/wp-json\/wp\/v2\/types\/product"}],"replies":[{"embeddable":true,"href":"https:\/\/magnusgifts.be\/fr\/wp-json\/wp\/v2\/comments?post=173253"}],"wp:featuredmedia":[{"embeddable":true,"href":"https:\/\/magnusgifts.be\/fr\/wp-json\/wp\/v2\/media\/173254"}],"wp:attachment":[{"href":"https:\/\/magnusgifts.be\/fr\/wp-json\/wp\/v2\/media?parent=173253"}],"wp:term":[{"taxonomy":"product_brand","embeddable":true,"href":"https:\/\/magnusgifts.be\/fr\/wp-json\/wp\/v2\/product_brand?post=173253"},{"taxonomy":"product_cat","embeddable":true,"href":"https:\/\/magnusgifts.be\/fr\/wp-json\/wp\/v2\/product_cat?post=173253"},{"taxonomy":"product_tag","embeddable":true,"href":"https:\/\/magnusgifts.be\/fr\/wp-json\/wp\/v2\/product_tag?post=173253"}],"curies":[{"name":"wp","href":"https:\/\/api.w.org\/{rel}","templated":true}]}}