{"id":174326,"date":"2023-09-07T08:08:31","date_gmt":"2023-09-07T08:08:31","guid":{"rendered":"https:\/\/magnusgifts.be\/product\/bucky\/"},"modified":"2026-05-07T15:20:31","modified_gmt":"2026-05-07T15:20:31","slug":"bucky","status":"publish","type":"product","link":"https:\/\/magnusgifts.be\/fr\/produit\/bucky\/","title":{"rendered":"BUCKY"},"content":{"rendered":"<p>Seau \u00e0 bouteille en m\u00e9tal avec poign\u00e9es incluant un d\u00e9capsuleur. Capacit\u00e9 : 4 L.<\/p>\n","protected":false},"excerpt":{"rendered":"<p>Seau \u00e0 bouteille en m\u00e9tal 4L<\/p>\n","protected":false},"featured_media":174327,"comment_status":"closed","ping_status":"closed","template":"","meta":{"_acf_changed":false,"inline_featured_image":false},"product_brand":[],"product_cat":[4509],"product_tag":[],"class_list":{"0":"post-174326","1":"product","2":"type-product","3":"status-publish","4":"has-post-thumbnail","6":"product_cat-uncategorized-fr","8":"first","9":"instock","10":"taxable","11":"shipping-taxable","12":"purchasable","13":"product-type-simple"},"acf":[],"_links":{"self":[{"href":"https:\/\/magnusgifts.be\/fr\/wp-json\/wp\/v2\/product\/174326","targetHints":{"allow":["GET"]}}],"collection":[{"href":"https:\/\/magnusgifts.be\/fr\/wp-json\/wp\/v2\/product"}],"about":[{"href":"https:\/\/magnusgifts.be\/fr\/wp-json\/wp\/v2\/types\/product"}],"replies":[{"embeddable":true,"href":"https:\/\/magnusgifts.be\/fr\/wp-json\/wp\/v2\/comments?post=174326"}],"wp:featuredmedia":[{"embeddable":true,"href":"https:\/\/magnusgifts.be\/fr\/wp-json\/wp\/v2\/media\/174327"}],"wp:attachment":[{"href":"https:\/\/magnusgifts.be\/fr\/wp-json\/wp\/v2\/media?parent=174326"}],"wp:term":[{"taxonomy":"product_brand","embeddable":true,"href":"https:\/\/magnusgifts.be\/fr\/wp-json\/wp\/v2\/product_brand?post=174326"},{"taxonomy":"product_cat","embeddable":true,"href":"https:\/\/magnusgifts.be\/fr\/wp-json\/wp\/v2\/product_cat?post=174326"},{"taxonomy":"product_tag","embeddable":true,"href":"https:\/\/magnusgifts.be\/fr\/wp-json\/wp\/v2\/product_tag?post=174326"}],"curies":[{"name":"wp","href":"https:\/\/api.w.org\/{rel}","templated":true}]}}