{"id":175883,"date":"2023-09-07T07:56:57","date_gmt":"2023-09-07T07:56:57","guid":{"rendered":"https:\/\/magnusgifts.be\/product\/naima-tote-2\/"},"modified":"2026-05-17T15:09:56","modified_gmt":"2026-05-17T15:09:56","slug":"naima-tote-2","status":"publish","type":"product","link":"https:\/\/magnusgifts.be\/fr\/produit\/naima-tote-2\/","title":{"rendered":"NAIMA TOTE"},"content":{"rendered":"<p>Ce sac shopping est fabriqu\u00e9 \u00e0 partir d&rsquo;un tissu 100% chanvre. Le chanvre est un mat\u00e9riau tr\u00e8s durable et viable car il est cultiv\u00e9 sans l&rsquo;utilisation de pesticides. Les longues poign\u00e9es permettent de le porter facilement dans les mains ou sur l&rsquo;\u00e9paule. Le soufflet dans le fond fait de ce sac un outil id\u00e9al pour transporter les courses quotidiennes ou tout autre article. 200 gr\/m\u00b2.<\/p>\n","protected":false},"excerpt":{"rendered":"<p>Sac shopping en chanvre<\/p>\n","protected":false},"featured_media":175888,"comment_status":"closed","ping_status":"closed","template":"","meta":{"_acf_changed":false,"inline_featured_image":false},"product_brand":[],"product_cat":[4509],"product_tag":[],"class_list":{"0":"post-175883","1":"product","2":"type-product","3":"status-publish","4":"has-post-thumbnail","6":"product_cat-uncategorized-fr","8":"first","9":"outofstock","10":"taxable","11":"shipping-taxable","12":"purchasable","13":"product-type-variable"},"acf":[],"_links":{"self":[{"href":"https:\/\/magnusgifts.be\/fr\/wp-json\/wp\/v2\/product\/175883","targetHints":{"allow":["GET"]}}],"collection":[{"href":"https:\/\/magnusgifts.be\/fr\/wp-json\/wp\/v2\/product"}],"about":[{"href":"https:\/\/magnusgifts.be\/fr\/wp-json\/wp\/v2\/types\/product"}],"replies":[{"embeddable":true,"href":"https:\/\/magnusgifts.be\/fr\/wp-json\/wp\/v2\/comments?post=175883"}],"wp:featuredmedia":[{"embeddable":true,"href":"https:\/\/magnusgifts.be\/fr\/wp-json\/wp\/v2\/media\/175888"}],"wp:attachment":[{"href":"https:\/\/magnusgifts.be\/fr\/wp-json\/wp\/v2\/media?parent=175883"}],"wp:term":[{"taxonomy":"product_brand","embeddable":true,"href":"https:\/\/magnusgifts.be\/fr\/wp-json\/wp\/v2\/product_brand?post=175883"},{"taxonomy":"product_cat","embeddable":true,"href":"https:\/\/magnusgifts.be\/fr\/wp-json\/wp\/v2\/product_cat?post=175883"},{"taxonomy":"product_tag","embeddable":true,"href":"https:\/\/magnusgifts.be\/fr\/wp-json\/wp\/v2\/product_tag?post=175883"}],"curies":[{"name":"wp","href":"https:\/\/api.w.org\/{rel}","templated":true}]}}