{"id":176083,"date":"2023-09-07T07:55:38","date_gmt":"2023-09-07T07:55:38","guid":{"rendered":"https:\/\/magnusgifts.be\/product\/seed-book\/"},"modified":"2026-05-17T15:00:13","modified_gmt":"2026-05-17T15:00:13","slug":"seed-book","status":"publish","type":"product","link":"https:\/\/magnusgifts.be\/fr\/produit\/seed-book\/","title":{"rendered":"SEED BOOK"},"content":{"rendered":"<p>Carnet A5 \u00e0 couverture \u00e0 reliure en papier semence. 200 pages lign\u00e9es recycl\u00e9es (100 feuilles).<\/p>\n","protected":false},"excerpt":{"rendered":"<p>Carnet A5 couv. papier semence<\/p>\n","protected":false},"featured_media":176090,"comment_status":"closed","ping_status":"closed","template":"","meta":{"_acf_changed":false,"inline_featured_image":false},"product_brand":[],"product_cat":[4623,4638],"product_tag":[],"class_list":{"0":"post-176083","1":"product","2":"type-product","3":"status-publish","4":"has-post-thumbnail","6":"product_cat-made-in-eu-fr","7":"product_cat-notebooks-sticky-notes-fr","9":"first","10":"instock","11":"taxable","12":"shipping-taxable","13":"purchasable","14":"product-type-simple"},"acf":[],"_links":{"self":[{"href":"https:\/\/magnusgifts.be\/fr\/wp-json\/wp\/v2\/product\/176083","targetHints":{"allow":["GET"]}}],"collection":[{"href":"https:\/\/magnusgifts.be\/fr\/wp-json\/wp\/v2\/product"}],"about":[{"href":"https:\/\/magnusgifts.be\/fr\/wp-json\/wp\/v2\/types\/product"}],"replies":[{"embeddable":true,"href":"https:\/\/magnusgifts.be\/fr\/wp-json\/wp\/v2\/comments?post=176083"}],"wp:featuredmedia":[{"embeddable":true,"href":"https:\/\/magnusgifts.be\/fr\/wp-json\/wp\/v2\/media\/176090"}],"wp:attachment":[{"href":"https:\/\/magnusgifts.be\/fr\/wp-json\/wp\/v2\/media?parent=176083"}],"wp:term":[{"taxonomy":"product_brand","embeddable":true,"href":"https:\/\/magnusgifts.be\/fr\/wp-json\/wp\/v2\/product_brand?post=176083"},{"taxonomy":"product_cat","embeddable":true,"href":"https:\/\/magnusgifts.be\/fr\/wp-json\/wp\/v2\/product_cat?post=176083"},{"taxonomy":"product_tag","embeddable":true,"href":"https:\/\/magnusgifts.be\/fr\/wp-json\/wp\/v2\/product_tag?post=176083"}],"curies":[{"name":"wp","href":"https:\/\/api.w.org\/{rel}","templated":true}]}}