{"id":176440,"date":"2023-09-07T07:51:46","date_gmt":"2023-09-07T07:51:46","guid":{"rendered":"https:\/\/magnusgifts.be\/product\/silueta\/"},"modified":"2026-05-17T14:56:51","modified_gmt":"2026-05-17T14:56:51","slug":"silueta","status":"publish","type":"product","link":"https:\/\/magnusgifts.be\/fr\/produit\/silueta\/","title":{"rendered":"SILUETA"},"content":{"rendered":"<p>Sapin de No\u00ebl en contreplaqu\u00e9 avec 10 ornements assortis. Montage n\u00e9cessaire. Construisez votre propre petite d\u00e9coration de bureau ou de maison pour No\u00ebl. Cet arbre doit \u00eatre assembl\u00e9 et peut ensuite \u00eatre d\u00e9cor\u00e9 avec 10 petits ornements de f\u00eate.<\/p>\n","protected":false},"excerpt":{"rendered":"<p>D\u00e9coration de sapin en bois<\/p>\n","protected":false},"featured_media":176441,"comment_status":"closed","ping_status":"closed","template":"","meta":{"_acf_changed":false,"inline_featured_image":false},"product_brand":[],"product_cat":[4509],"product_tag":[],"class_list":{"0":"post-176440","1":"product","2":"type-product","3":"status-publish","4":"has-post-thumbnail","6":"product_cat-uncategorized-fr","8":"first","9":"instock","10":"taxable","11":"shipping-taxable","12":"purchasable","13":"product-type-simple"},"acf":[],"_links":{"self":[{"href":"https:\/\/magnusgifts.be\/fr\/wp-json\/wp\/v2\/product\/176440","targetHints":{"allow":["GET"]}}],"collection":[{"href":"https:\/\/magnusgifts.be\/fr\/wp-json\/wp\/v2\/product"}],"about":[{"href":"https:\/\/magnusgifts.be\/fr\/wp-json\/wp\/v2\/types\/product"}],"replies":[{"embeddable":true,"href":"https:\/\/magnusgifts.be\/fr\/wp-json\/wp\/v2\/comments?post=176440"}],"wp:featuredmedia":[{"embeddable":true,"href":"https:\/\/magnusgifts.be\/fr\/wp-json\/wp\/v2\/media\/176441"}],"wp:attachment":[{"href":"https:\/\/magnusgifts.be\/fr\/wp-json\/wp\/v2\/media?parent=176440"}],"wp:term":[{"taxonomy":"product_brand","embeddable":true,"href":"https:\/\/magnusgifts.be\/fr\/wp-json\/wp\/v2\/product_brand?post=176440"},{"taxonomy":"product_cat","embeddable":true,"href":"https:\/\/magnusgifts.be\/fr\/wp-json\/wp\/v2\/product_cat?post=176440"},{"taxonomy":"product_tag","embeddable":true,"href":"https:\/\/magnusgifts.be\/fr\/wp-json\/wp\/v2\/product_tag?post=176440"}],"curies":[{"name":"wp","href":"https:\/\/api.w.org\/{rel}","templated":true}]}}