{"id":176446,"date":"2023-09-07T07:51:46","date_gmt":"2023-09-07T07:51:46","guid":{"rendered":"https:\/\/magnusgifts.be\/product\/mini-christmas-tree-with-logo-aveto\/"},"modified":"2026-01-21T15:13:11","modified_gmt":"2026-01-21T15:13:11","slug":"mini-christmas-tree-with-logo-aveto","status":"publish","type":"product","link":"https:\/\/magnusgifts.be\/fr\/produit\/mini-christmas-tree-with-logo-aveto\/","title":{"rendered":"AVETO"},"content":{"rendered":"<p>Mini sapin de No\u00ebl artificiel (PE) avec guirlande lumineuse jaune chaud de 20 LED sur une base en jute. Livr\u00e9 avec une \u00e9tiquette cadeau en bois. 2 piles AA non incluses. D\u00e9corez votre maison ou votre bureau avec ce minuscule sapin de No\u00ebl. Gr\u00e2ce \u00e0 ses 20 lumi\u00e8res LED, cette d\u00e9coration cr\u00e9era une atmosph\u00e8re agr\u00e9able. Comme il est artificiel, vous pourrez le r\u00e9utiliser l&rsquo;ann\u00e9e suivante.<\/p>\n","protected":false},"excerpt":{"rendered":"<p>Mini sapin de No\u00ebl artificiel<\/p>\n","protected":false},"featured_media":176452,"comment_status":"closed","ping_status":"closed","template":"","meta":{"_acf_changed":false,"inline_featured_image":false},"product_brand":[],"product_cat":[4629,4563],"product_tag":[],"class_list":{"0":"post-176446","1":"product","2":"type-product","3":"status-publish","4":"has-post-thumbnail","6":"product_cat-christmas-gadgets-with-logo-fr","7":"product_cat-gadgets-fr","9":"first","10":"instock","11":"taxable","12":"shipping-taxable","13":"purchasable","14":"product-type-simple"},"acf":[],"_links":{"self":[{"href":"https:\/\/magnusgifts.be\/fr\/wp-json\/wp\/v2\/product\/176446","targetHints":{"allow":["GET"]}}],"collection":[{"href":"https:\/\/magnusgifts.be\/fr\/wp-json\/wp\/v2\/product"}],"about":[{"href":"https:\/\/magnusgifts.be\/fr\/wp-json\/wp\/v2\/types\/product"}],"replies":[{"embeddable":true,"href":"https:\/\/magnusgifts.be\/fr\/wp-json\/wp\/v2\/comments?post=176446"}],"wp:featuredmedia":[{"embeddable":true,"href":"https:\/\/magnusgifts.be\/fr\/wp-json\/wp\/v2\/media\/176452"}],"wp:attachment":[{"href":"https:\/\/magnusgifts.be\/fr\/wp-json\/wp\/v2\/media?parent=176446"}],"wp:term":[{"taxonomy":"product_brand","embeddable":true,"href":"https:\/\/magnusgifts.be\/fr\/wp-json\/wp\/v2\/product_brand?post=176446"},{"taxonomy":"product_cat","embeddable":true,"href":"https:\/\/magnusgifts.be\/fr\/wp-json\/wp\/v2\/product_cat?post=176446"},{"taxonomy":"product_tag","embeddable":true,"href":"https:\/\/magnusgifts.be\/fr\/wp-json\/wp\/v2\/product_tag?post=176446"}],"curies":[{"name":"wp","href":"https:\/\/api.w.org\/{rel}","templated":true}]}}