{"id":176472,"date":"2023-09-07T07:51:30","date_gmt":"2023-09-07T07:51:30","guid":{"rendered":"https:\/\/magnusgifts.be\/product\/noel\/"},"modified":"2026-01-21T15:13:10","modified_gmt":"2026-01-21T15:13:10","slug":"noel","status":"publish","type":"product","link":"https:\/\/magnusgifts.be\/fr\/produit\/noel\/","title":{"rendered":"NOEL"},"content":{"rendered":"<p>Lot de 2 verres de No\u00ebl avec bord dor\u00e9. Pr\u00e9sent\u00e9s dans une bo\u00eete cadeau. Capacit\u00e9 : 330ml. Commencez la f\u00eate de No\u00ebl en servant des boissons dans ces verres amusants, sur le th\u00e8me de No\u00ebl. Comme ils sont livr\u00e9s par paire dans une bo\u00eete cadeau, ils constituent un cadeau id\u00e9al et amusant \u00e0 offrir.<\/p>\n","protected":false},"excerpt":{"rendered":"<p>Set de 2 verres de No\u00ebl<\/p>\n","protected":false},"featured_media":176473,"comment_status":"closed","ping_status":"closed","template":"","meta":{"_acf_changed":false,"inline_featured_image":false},"product_brand":[],"product_cat":[4509],"product_tag":[],"class_list":{"0":"post-176472","1":"product","2":"type-product","3":"status-publish","4":"has-post-thumbnail","6":"product_cat-uncategorized-fr","8":"first","9":"instock","10":"taxable","11":"shipping-taxable","12":"purchasable","13":"product-type-simple"},"acf":[],"_links":{"self":[{"href":"https:\/\/magnusgifts.be\/fr\/wp-json\/wp\/v2\/product\/176472","targetHints":{"allow":["GET"]}}],"collection":[{"href":"https:\/\/magnusgifts.be\/fr\/wp-json\/wp\/v2\/product"}],"about":[{"href":"https:\/\/magnusgifts.be\/fr\/wp-json\/wp\/v2\/types\/product"}],"replies":[{"embeddable":true,"href":"https:\/\/magnusgifts.be\/fr\/wp-json\/wp\/v2\/comments?post=176472"}],"wp:featuredmedia":[{"embeddable":true,"href":"https:\/\/magnusgifts.be\/fr\/wp-json\/wp\/v2\/media\/176473"}],"wp:attachment":[{"href":"https:\/\/magnusgifts.be\/fr\/wp-json\/wp\/v2\/media?parent=176472"}],"wp:term":[{"taxonomy":"product_brand","embeddable":true,"href":"https:\/\/magnusgifts.be\/fr\/wp-json\/wp\/v2\/product_brand?post=176472"},{"taxonomy":"product_cat","embeddable":true,"href":"https:\/\/magnusgifts.be\/fr\/wp-json\/wp\/v2\/product_cat?post=176472"},{"taxonomy":"product_tag","embeddable":true,"href":"https:\/\/magnusgifts.be\/fr\/wp-json\/wp\/v2\/product_tag?post=176472"}],"curies":[{"name":"wp","href":"https:\/\/api.w.org\/{rel}","templated":true}]}}