{"id":178318,"date":"2022-05-19T09:02:09","date_gmt":"2022-05-19T09:02:09","guid":{"rendered":"https:\/\/magnusgifts.be\/product\/etna\/"},"modified":"2026-04-16T15:47:51","modified_gmt":"2026-04-16T15:47:51","slug":"etna","status":"publish","type":"product","link":"https:\/\/magnusgifts.be\/fr\/produit\/etna\/","title":{"rendered":"ETNA"},"content":{"rendered":"<p>Coffret cadeau avec stylo \u00e0 bille torsad\u00e9e dans une bo\u00eete en bambou. Encre bleue. Le bambou est un produit naturel, il peut y avoir de l\u00e9g\u00e8res variations de couleur et de taille par article, ce qui peut affecter le r\u00e9sultat final de la d\u00e9coration.<\/p>\n","protected":false},"excerpt":{"rendered":"<p>Stylo bille coffret bambou<\/p>\n","protected":false},"featured_media":178319,"comment_status":"closed","ping_status":"closed","template":"","meta":{"_acf_changed":false,"inline_featured_image":false},"product_brand":[],"product_cat":[4642,4577,4578],"product_tag":[4772,4773,4774,4775,4776,4777,4778,4779,4780,4781,4782,4783,4784,4785,4786,4787,4788,4789,4790,4791],"class_list":{"0":"post-178318","1":"product","2":"type-product","3":"status-publish","4":"has-post-thumbnail","6":"product_cat-magnus-gadgets-with-logo-fr","7":"product_cat-office-supplies-fr","8":"product_cat-pens-with-logo-fr","9":"product_tag-balpen-bedrukt-fr","10":"product_tag-bamboe-pen-fr","11":"product_tag-bamboe-pen-met-logo-fr","12":"product_tag-bamboo-pen-fr","13":"product_tag-bamboo-pen-with-logo-fr","14":"product_tag-bedrukken-pennen-fr","15":"product_tag-bedrukte-balpen-fr","16":"product_tag-bedrukte-pen-fr","17":"product_tag-gepersonaliseerde-bamboe-pen-fr","18":"product_tag-pen-met-logo-fr","19":"product_tag-pen-with-logo-fr","20":"product_tag-pennen-met-logo-fr","21":"product_tag-personalized-bamboo-pen-fr","22":"product_tag-personalized-pen-fr","23":"product_tag-senator-pen-fr","24":"product_tag-stylo-avec-logo-fr","25":"product_tag-stylo-en-bambou-fr","26":"product_tag-stylo-en-bambou-avec-logo-fr","27":"product_tag-stylo-en-bambou-personnalisegepersonaliseerde-pen-fr","28":"product_tag-stylo-personnalise-fr","30":"first","31":"instock","32":"taxable","33":"shipping-taxable","34":"purchasable","35":"product-type-simple"},"acf":[],"_links":{"self":[{"href":"https:\/\/magnusgifts.be\/fr\/wp-json\/wp\/v2\/product\/178318","targetHints":{"allow":["GET"]}}],"collection":[{"href":"https:\/\/magnusgifts.be\/fr\/wp-json\/wp\/v2\/product"}],"about":[{"href":"https:\/\/magnusgifts.be\/fr\/wp-json\/wp\/v2\/types\/product"}],"replies":[{"embeddable":true,"href":"https:\/\/magnusgifts.be\/fr\/wp-json\/wp\/v2\/comments?post=178318"}],"wp:featuredmedia":[{"embeddable":true,"href":"https:\/\/magnusgifts.be\/fr\/wp-json\/wp\/v2\/media\/178319"}],"wp:attachment":[{"href":"https:\/\/magnusgifts.be\/fr\/wp-json\/wp\/v2\/media?parent=178318"}],"wp:term":[{"taxonomy":"product_brand","embeddable":true,"href":"https:\/\/magnusgifts.be\/fr\/wp-json\/wp\/v2\/product_brand?post=178318"},{"taxonomy":"product_cat","embeddable":true,"href":"https:\/\/magnusgifts.be\/fr\/wp-json\/wp\/v2\/product_cat?post=178318"},{"taxonomy":"product_tag","embeddable":true,"href":"https:\/\/magnusgifts.be\/fr\/wp-json\/wp\/v2\/product_tag?post=178318"}],"curies":[{"name":"wp","href":"https:\/\/api.w.org\/{rel}","templated":true}]}}